{"id":723,"date":"2022-02-23T13:57:21","date_gmt":"2022-02-23T12:57:21","guid":{"rendered":"http:\/\/adwokat-gasior.pl\/?page_id=723"},"modified":"2022-02-23T13:57:22","modified_gmt":"2022-02-23T12:57:22","slug":"wspolpraca","status":"publish","type":"page","link":"http:\/\/adwokat-gasior.pl\/index.php\/wspolpraca\/","title":{"rendered":"Wsp\u00f3\u0142praca"},"content":{"rendered":"\n<p>Kieruj\u0119 si\u0119 zasad\u0105 przejrzysto\u015bci w kontaktach z Klientem, w tym w zakresie zasad rozlicze\u0144 finansowych. Wynagrodzenie ustalane jest indywidualnie na pocz\u0105tku wsp\u00f3\u0142pracy, a jego wysoko\u015b\u0107 uzale\u017cniona jest od stopnia zawi\u0142o\u015bci sprawy, pilno\u015bci podj\u0119cia dzia\u0142a\u0144, a tak\u017ce przewidywanego nak\u0142adu pracy.<\/p>\n","protected":false},"excerpt":{"rendered":"<p>Kieruj\u0119 si\u0119 zasad\u0105 przejrzysto\u015bci w kontaktach z Klientem, w tym w zakresie zasad rozlicze\u0144 finansowych. Wynagrodzenie ustalane jest indywidualnie na pocz\u0105tku wsp\u00f3\u0142pracy, a jego wysoko\u015b\u0107 uzale\u017cniona jest od stopnia zawi\u0142o\u015bci sprawy, pilno\u015bci podj\u0119cia dzia\u0142a\u0144, a tak\u017ce przewidywanego nak\u0142adu pracy.<\/p>\n","protected":false},"author":1,"featured_media":0,"parent":0,"menu_order":0,"comment_status":"closed","ping_status":"closed","template":"","meta":{"footnotes":""},"class_list":["post-723","page","type-page","status-publish","hentry"],"yoast_head":"<!-- This site is optimized with the Yoast SEO plugin v27.5 - https:\/\/yoast.com\/product\/yoast-seo-wordpress\/ -->\n<title>Wsp\u00f3\u0142praca - Sandra G\u0104SIOR<\/title>\n<meta name=\"robots\" content=\"index, follow, max-snippet:-1, max-image-preview:large, max-video-preview:-1\" \/>\n<link rel=\"canonical\" href=\"https:\/\/adwokat-gasior.pl\/index.php\/wspolpraca\/\" \/>\n<meta property=\"og:locale\" content=\"pl_PL\" \/>\n<meta property=\"og:type\" content=\"article\" \/>\n<meta property=\"og:title\" content=\"Wsp\u00f3\u0142praca - Sandra G\u0104SIOR\" \/>\n<meta property=\"og:description\" content=\"Kieruj\u0119 si\u0119 zasad\u0105 przejrzysto\u015bci w kontaktach z Klientem, w tym w zakresie zasad rozlicze\u0144 finansowych. Wynagrodzenie ustalane jest indywidualnie na pocz\u0105tku wsp\u00f3\u0142pracy, a jego wysoko\u015b\u0107 uzale\u017cniona jest od stopnia zawi\u0142o\u015bci sprawy, pilno\u015bci podj\u0119cia dzia\u0142a\u0144, a tak\u017ce przewidywanego nak\u0142adu pracy.\" \/>\n<meta property=\"og:url\" content=\"https:\/\/adwokat-gasior.pl\/index.php\/wspolpraca\/\" \/>\n<meta property=\"og:site_name\" content=\"Sandra G\u0104SIOR\" \/>\n<meta property=\"article:modified_time\" content=\"2022-02-23T12:57:22+00:00\" \/>\n<meta name=\"twitter:card\" content=\"summary_large_image\" \/>\n<script type=\"application\/ld+json\" class=\"yoast-schema-graph\">{\"@context\":\"https:\\\/\\\/schema.org\",\"@graph\":[{\"@type\":\"WebPage\",\"@id\":\"https:\\\/\\\/adwokat-gasior.pl\\\/index.php\\\/wspolpraca\\\/\",\"url\":\"https:\\\/\\\/adwokat-gasior.pl\\\/index.php\\\/wspolpraca\\\/\",\"name\":\"Wsp\u00f3\u0142praca - Sandra G\u0104SIOR\",\"isPartOf\":{\"@id\":\"http:\\\/\\\/adwokat-gasior.pl\\\/#website\"},\"datePublished\":\"2022-02-23T12:57:21+00:00\",\"dateModified\":\"2022-02-23T12:57:22+00:00\",\"breadcrumb\":{\"@id\":\"https:\\\/\\\/adwokat-gasior.pl\\\/index.php\\\/wspolpraca\\\/#breadcrumb\"},\"inLanguage\":\"pl-PL\",\"potentialAction\":[{\"@type\":\"ReadAction\",\"target\":[\"https:\\\/\\\/adwokat-gasior.pl\\\/index.php\\\/wspolpraca\\\/\"]}]},{\"@type\":\"BreadcrumbList\",\"@id\":\"https:\\\/\\\/adwokat-gasior.pl\\\/index.php\\\/wspolpraca\\\/#breadcrumb\",\"itemListElement\":[{\"@type\":\"ListItem\",\"position\":1,\"name\":\"Strona g\u0142\u00f3wna\",\"item\":\"http:\\\/\\\/adwokat-gasior.pl\\\/\"},{\"@type\":\"ListItem\",\"position\":2,\"name\":\"Wsp\u00f3\u0142praca\"}]},{\"@type\":\"WebSite\",\"@id\":\"http:\\\/\\\/adwokat-gasior.pl\\\/#website\",\"url\":\"http:\\\/\\\/adwokat-gasior.pl\\\/\",\"name\":\"Sandra G\u0104SIOR\",\"description\":\"adwokat\",\"publisher\":{\"@id\":\"http:\\\/\\\/adwokat-gasior.pl\\\/#organization\"},\"potentialAction\":[{\"@type\":\"SearchAction\",\"target\":{\"@type\":\"EntryPoint\",\"urlTemplate\":\"http:\\\/\\\/adwokat-gasior.pl\\\/?s={search_term_string}\"},\"query-input\":{\"@type\":\"PropertyValueSpecification\",\"valueRequired\":true,\"valueName\":\"search_term_string\"}}],\"inLanguage\":\"pl-PL\"},{\"@type\":\"Organization\",\"@id\":\"http:\\\/\\\/adwokat-gasior.pl\\\/#organization\",\"name\":\"Adwoka Sandra G\u0104SIOR Opole\",\"url\":\"http:\\\/\\\/adwokat-gasior.pl\\\/\",\"logo\":{\"@type\":\"ImageObject\",\"inLanguage\":\"pl-PL\",\"@id\":\"http:\\\/\\\/adwokat-gasior.pl\\\/#\\\/schema\\\/logo\\\/image\\\/\",\"url\":\"http:\\\/\\\/adwokat-gasior.pl\\\/wp-content\\\/uploads\\\/2022\\\/03\\\/cropped-logo-SG.png\",\"contentUrl\":\"http:\\\/\\\/adwokat-gasior.pl\\\/wp-content\\\/uploads\\\/2022\\\/03\\\/cropped-logo-SG.png\",\"width\":577,\"height\":152,\"caption\":\"Adwoka Sandra G\u0104SIOR Opole\"},\"image\":{\"@id\":\"http:\\\/\\\/adwokat-gasior.pl\\\/#\\\/schema\\\/logo\\\/image\\\/\"}}]}<\/script>\n<!-- \/ Yoast SEO plugin. -->","yoast_head_json":{"title":"Wsp\u00f3\u0142praca - Sandra G\u0104SIOR","robots":{"index":"index","follow":"follow","max-snippet":"max-snippet:-1","max-image-preview":"max-image-preview:large","max-video-preview":"max-video-preview:-1"},"canonical":"https:\/\/adwokat-gasior.pl\/index.php\/wspolpraca\/","og_locale":"pl_PL","og_type":"article","og_title":"Wsp\u00f3\u0142praca - Sandra G\u0104SIOR","og_description":"Kieruj\u0119 si\u0119 zasad\u0105 przejrzysto\u015bci w kontaktach z Klientem, w tym w zakresie zasad rozlicze\u0144 finansowych. Wynagrodzenie ustalane jest indywidualnie na pocz\u0105tku wsp\u00f3\u0142pracy, a jego wysoko\u015b\u0107 uzale\u017cniona jest od stopnia zawi\u0142o\u015bci sprawy, pilno\u015bci podj\u0119cia dzia\u0142a\u0144, a tak\u017ce przewidywanego nak\u0142adu pracy.","og_url":"https:\/\/adwokat-gasior.pl\/index.php\/wspolpraca\/","og_site_name":"Sandra G\u0104SIOR","article_modified_time":"2022-02-23T12:57:22+00:00","twitter_card":"summary_large_image","schema":{"@context":"https:\/\/schema.org","@graph":[{"@type":"WebPage","@id":"https:\/\/adwokat-gasior.pl\/index.php\/wspolpraca\/","url":"https:\/\/adwokat-gasior.pl\/index.php\/wspolpraca\/","name":"Wsp\u00f3\u0142praca - Sandra G\u0104SIOR","isPartOf":{"@id":"http:\/\/adwokat-gasior.pl\/#website"},"datePublished":"2022-02-23T12:57:21+00:00","dateModified":"2022-02-23T12:57:22+00:00","breadcrumb":{"@id":"https:\/\/adwokat-gasior.pl\/index.php\/wspolpraca\/#breadcrumb"},"inLanguage":"pl-PL","potentialAction":[{"@type":"ReadAction","target":["https:\/\/adwokat-gasior.pl\/index.php\/wspolpraca\/"]}]},{"@type":"BreadcrumbList","@id":"https:\/\/adwokat-gasior.pl\/index.php\/wspolpraca\/#breadcrumb","itemListElement":[{"@type":"ListItem","position":1,"name":"Strona g\u0142\u00f3wna","item":"http:\/\/adwokat-gasior.pl\/"},{"@type":"ListItem","position":2,"name":"Wsp\u00f3\u0142praca"}]},{"@type":"WebSite","@id":"http:\/\/adwokat-gasior.pl\/#website","url":"http:\/\/adwokat-gasior.pl\/","name":"Sandra G\u0104SIOR","description":"adwokat","publisher":{"@id":"http:\/\/adwokat-gasior.pl\/#organization"},"potentialAction":[{"@type":"SearchAction","target":{"@type":"EntryPoint","urlTemplate":"http:\/\/adwokat-gasior.pl\/?s={search_term_string}"},"query-input":{"@type":"PropertyValueSpecification","valueRequired":true,"valueName":"search_term_string"}}],"inLanguage":"pl-PL"},{"@type":"Organization","@id":"http:\/\/adwokat-gasior.pl\/#organization","name":"Adwoka Sandra G\u0104SIOR Opole","url":"http:\/\/adwokat-gasior.pl\/","logo":{"@type":"ImageObject","inLanguage":"pl-PL","@id":"http:\/\/adwokat-gasior.pl\/#\/schema\/logo\/image\/","url":"http:\/\/adwokat-gasior.pl\/wp-content\/uploads\/2022\/03\/cropped-logo-SG.png","contentUrl":"http:\/\/adwokat-gasior.pl\/wp-content\/uploads\/2022\/03\/cropped-logo-SG.png","width":577,"height":152,"caption":"Adwoka Sandra G\u0104SIOR Opole"},"image":{"@id":"http:\/\/adwokat-gasior.pl\/#\/schema\/logo\/image\/"}}]}},"_links":{"self":[{"href":"http:\/\/adwokat-gasior.pl\/index.php\/wp-json\/wp\/v2\/pages\/723","targetHints":{"allow":["GET"]}}],"collection":[{"href":"http:\/\/adwokat-gasior.pl\/index.php\/wp-json\/wp\/v2\/pages"}],"about":[{"href":"http:\/\/adwokat-gasior.pl\/index.php\/wp-json\/wp\/v2\/types\/page"}],"author":[{"embeddable":true,"href":"http:\/\/adwokat-gasior.pl\/index.php\/wp-json\/wp\/v2\/users\/1"}],"replies":[{"embeddable":true,"href":"http:\/\/adwokat-gasior.pl\/index.php\/wp-json\/wp\/v2\/comments?post=723"}],"version-history":[{"count":1,"href":"http:\/\/adwokat-gasior.pl\/index.php\/wp-json\/wp\/v2\/pages\/723\/revisions"}],"predecessor-version":[{"id":724,"href":"http:\/\/adwokat-gasior.pl\/index.php\/wp-json\/wp\/v2\/pages\/723\/revisions\/724"}],"wp:attachment":[{"href":"http:\/\/adwokat-gasior.pl\/index.php\/wp-json\/wp\/v2\/media?parent=723"}],"curies":[{"name":"wp","href":"https:\/\/api.w.org\/{rel}","templated":true}]}}